{"id":16,"date":"2017-08-19T18:12:30","date_gmt":"2017-08-19T16:12:30","guid":{"rendered":"http:\/\/wavetrophy.sonnegg.ch\/?page_id=16"},"modified":"2022-06-09T10:05:36","modified_gmt":"2022-06-09T08:05:36","slug":"herzlich-willkommen-auf-meinem-blog","status":"publish","type":"page","link":"https:\/\/wavetrophy.sonnegg.ch\/","title":{"rendered":"Herzlich Willkommen auf meinem Blog"},"content":{"rendered":"<p>Ich freue mich, dass du auf meine Seite gelangt bist.<\/p>\n<p>Ich m\u00f6chte mich kurz vorstellen:<br \/>\nIch bin ein Twizy mit Jahrgang 2012. Ich bin noch fast im Originalzustand. Einzig die Schmutzf\u00e4nger bei der Vorderr\u00e4dern, die Seitenscheiben und das Handfree-System Parrot MK-9200 sind zus\u00e4tzliche Features, die meinem Fahrer Xaver das Leben als Fahrer erleichtern.<\/p>\n<p>Da wir, mein Fahrer und ich, ausserhalb der Trophy eher weniger zu Vergn\u00fcgungsfahrten unterwegs sind, beschr\u00e4nkt sich der Blog vor allem auf die Zeit vor und w\u00e4hrend der Wavetrophy-Challenge.<\/p>\n<p>Falls du eine Benachrichtigung \u00fcber neue Beitr\u00e4ge willst, so schreibe ein Email mit Namen und Emailadresse an twizy@sonnegg.ch. Ich werde dich dann in die Liste aufnehmen.<\/p>\n","protected":false},"excerpt":{"rendered":"<p>Ich freue mich, dass du auf meine Seite gelangt bist. Ich m\u00f6chte mich kurz vorstellen: Ich bin ein Twizy mit Jahrgang 2012. Ich bin noch fast im Originalzustand. Einzig die Schmutzf\u00e4nger bei der Vorderr\u00e4dern, die Seitenscheiben und das Handfree-System Parrot MK-9200 sind zus\u00e4tzliche Features, die meinem Fahrer Xaver das Leben als Fahrer erleichtern. Da wir, &hellip; <a href=\"https:\/\/wavetrophy.sonnegg.ch\/\" class=\"more-link\"><span class=\"screen-reader-text\">Herzlich Willkommen auf meinem Blog<\/span> weiterlesen <span class=\"meta-nav\">&rarr;<\/span><\/a><\/p>\n","protected":false},"author":1,"featured_media":17,"parent":0,"menu_order":0,"comment_status":"closed","ping_status":"closed","template":"","meta":{"ngg_post_thumbnail":0,"footnotes":""},"class_list":["post-16","page","type-page","status-publish","has-post-thumbnail","hentry"],"post_mailing_queue_ids":[],"_links":{"self":[{"href":"https:\/\/wavetrophy.sonnegg.ch\/index.php?rest_route=\/wp\/v2\/pages\/16","targetHints":{"allow":["GET"]}}],"collection":[{"href":"https:\/\/wavetrophy.sonnegg.ch\/index.php?rest_route=\/wp\/v2\/pages"}],"about":[{"href":"https:\/\/wavetrophy.sonnegg.ch\/index.php?rest_route=\/wp\/v2\/types\/page"}],"author":[{"embeddable":true,"href":"https:\/\/wavetrophy.sonnegg.ch\/index.php?rest_route=\/wp\/v2\/users\/1"}],"replies":[{"embeddable":true,"href":"https:\/\/wavetrophy.sonnegg.ch\/index.php?rest_route=%2Fwp%2Fv2%2Fcomments&post=16"}],"version-history":[{"count":20,"href":"https:\/\/wavetrophy.sonnegg.ch\/index.php?rest_route=\/wp\/v2\/pages\/16\/revisions"}],"predecessor-version":[{"id":3194,"href":"https:\/\/wavetrophy.sonnegg.ch\/index.php?rest_route=\/wp\/v2\/pages\/16\/revisions\/3194"}],"wp:featuredmedia":[{"embeddable":true,"href":"https:\/\/wavetrophy.sonnegg.ch\/index.php?rest_route=\/wp\/v2\/media\/17"}],"wp:attachment":[{"href":"https:\/\/wavetrophy.sonnegg.ch\/index.php?rest_route=%2Fwp%2Fv2%2Fmedia&parent=16"}],"curies":[{"name":"wp","href":"https:\/\/api.w.org\/{rel}","templated":true}]}}